{"id":1862,"date":"2024-05-20T23:39:45","date_gmt":"2024-05-20T20:39:45","guid":{"rendered":"https:\/\/lendlevkleit.ee\/?page_id=1862"},"modified":"2024-05-21T23:06:37","modified_gmt":"2024-05-21T20:06:37","slug":"terms-conditions","status":"publish","type":"page","link":"https:\/\/lendlevkleit.ee\/et\/renditingimused","title":{"rendered":"Terms &amp; conditions"},"content":{"rendered":"<div data-elementor-type=\"wp-page\" data-elementor-id=\"1862\" class=\"elementor elementor-1862\" data-elementor-post-type=\"page\">\n\t\t\t\t<div class=\"elementor-element elementor-element-f1b5346 e-flex e-con-boxed e-con e-parent\" data-id=\"f1b5346\" data-element_type=\"container\" data-settings=\"{&quot;jet_parallax_layout_list&quot;:[]}\" data-core-v316-plus=\"true\">\n\t\t\t\t\t<div class=\"e-con-inner\">\n\t\t\t\t<div class=\"elementor-element elementor-element-9b0d99c elementor-widget elementor-widget-text-editor\" data-id=\"9b0d99c\" data-element_type=\"widget\" data-no-translation=\"\" data-widget_type=\"text-editor.default\">\n\t\t\t\t<div class=\"elementor-widget-container\">\n\t\t\t<style>\/*! elementor - v3.20.0 - 10-04-2024 *\/\n.elementor-widget-text-editor.elementor-drop-cap-view-stacked .elementor-drop-cap{background-color:#69727d;color:#fff}.elementor-widget-text-editor.elementor-drop-cap-view-framed .elementor-drop-cap{color:#69727d;border:3px solid;background-color:transparent}.elementor-widget-text-editor:not(.elementor-drop-cap-view-default) .elementor-drop-cap{margin-top:8px}.elementor-widget-text-editor:not(.elementor-drop-cap-view-default) .elementor-drop-cap-letter{width:1em;height:1em}.elementor-widget-text-editor .elementor-drop-cap{float:left;text-align:center;line-height:1;font-size:50px}.elementor-widget-text-editor .elementor-drop-cap-letter{display:inline-block}<\/style><style>.elementor-element-9b0d99c{display:none !important}<\/style>\t\t<\/div>\n\t\t\t\t<\/div>\n\t\t\t\t<div class=\"elementor-element elementor-element-7077f85 elementor-widget elementor-widget-text-editor\" data-id=\"7077f85\" data-element_type=\"widget\" data-no-translation=\"\" data-widget_type=\"text-editor.default\">\n\t\t\t\t<div class=\"elementor-widget-container\">\n\t\t\t\t\t\t\t<h3>Renditingimused<\/h3>\n<p>Veebipoe Butiik \u2013 Lendlev Kleit (edaspidi Lendlev Kleit) omanik on Maridai ilusalong O\u00dc registrikood (<strong>16650935<\/strong>), asukohaga Tori tee 2, Suigu k\u00fcla, Tori vald, P\u00e4rnumaa 87302<\/p>\n<h4>Lepingu s\u00f5lmimine<\/h4>\n<ul>\n<li><span style=\"text-align: var(--text-align); color: var(--vamtam-widget-text-lighter); letter-spacing: var(--vamtam-primary-font-letter-spacing-desktop,normal); text-transform: var(--vamtam-primary-font-transform,none);\">Lendlev Kleit ja Kliendi vahel j\u00f5ustub rendileping alates tellimuse kinnituse j\u00e4rgi tasumisele kuuluva summa laekumisest Maridai ilusalong O\u00dc arvelduskontole.<\/span><\/li>\n<li><span style=\"text-align: var(--text-align); color: var(--vamtam-widget-text-lighter); letter-spacing: var(--vamtam-primary-font-letter-spacing-desktop,normal); text-transform: var(--vamtam-primary-font-transform,none);\">Tooteid enne rendilepingu j\u00f5ustumist ei broneerita.<\/span><\/li>\n<\/ul>\n<h4>Teenuse hind ja tasumine<\/h4>\n<ul>\n<li><span style=\"text-align: var(--text-align); color: var(--vamtam-widget-text-lighter); letter-spacing: var(--vamtam-primary-font-letter-spacing-desktop,normal); text-transform: var(--vamtam-primary-font-transform,none);\">Lendlev Kleit pakutavate teenuste hinnad on m\u00e4rgitud tootelehtedel.<\/span><\/li>\n<li><span style=\"text-align: var(--text-align); color: var(--vamtam-widget-text-lighter); letter-spacing: var(--vamtam-primary-font-letter-spacing-desktop,normal); text-transform: var(--vamtam-primary-font-transform,none);\">Kleidi fikseeritud rendiperiood on 4 p\u00e4eva, pakk postitatakse Teie broneeritud kuup\u00e4evale eelneval p\u00e4eval.<\/span><\/li>\n<li><span style=\"text-align: var(--text-align); color: var(--vamtam-widget-text-lighter); letter-spacing: var(--vamtam-primary-font-letter-spacing-desktop,normal); text-transform: var(--vamtam-primary-font-transform,none);\">Muud rendiperioodi soovid ja hinnad kokkuleppel<\/span><\/li>\n<li><span style=\"text-align: var(--text-align); color: var(--vamtam-widget-text-lighter); letter-spacing: var(--vamtam-primary-font-letter-spacing-desktop,normal); text-transform: var(--vamtam-primary-font-transform,none);\">K\u00f5ikide teenuste hinnad on esitatud eurodes.<\/span><\/li>\n<li><span style=\"text-align: var(--text-align); color: var(--vamtam-widget-text-lighter); letter-spacing: var(--vamtam-primary-font-letter-spacing-desktop,normal); text-transform: var(--vamtam-primary-font-transform,none);\">Maksmine toimub arve alusel Maridai ilusalong O\u00dc arvelduskontole:<\/span><\/li>\n<\/ul>\n<p><span style=\"text-align: var(--text-align); color: var(--vamtam-widget-text-lighter); letter-spacing: var(--vamtam-primary-font-letter-spacing-desktop,normal); text-transform: var(--vamtam-primary-font-transform,none);\">&nbsp; &nbsp; &nbsp; &nbsp;Saaja: Maridai ilusalong O\u00dc (Coop pank)<\/span><\/p>\n<div>\n<p><span style=\"text-align: var(--text-align); color: var(--vamtam-widget-text-lighter); letter-spacing: var(--vamtam-primary-font-letter-spacing-desktop,normal); text-transform: var(--vamtam-primary-font-transform,none);\">&nbsp; &nbsp; &nbsp; &nbsp;Kontonumber:EE694204278627249506<\/span><\/p>\n<ul>\n<li>Kleidile ise j\u00e4rgi tulles on v\u00f5imalik tasuda ka sularahas.<\/li>\n<\/ul>\n<h4>Tagatisraha<\/h4>\n<ul>\n<li><span style=\"text-align: var(--text-align); color: var(--vamtam-widget-text-lighter); letter-spacing: var(--vamtam-primary-font-letter-spacing-desktop,normal); text-transform: var(--vamtam-primary-font-transform,none);\">Iga kleidi rendihinnale lisandub tagatisraha 60\u20ac, mis tagastatakse Kliendile peale toote meieni tagasij\u00f5udmist ja \u00fcle kontrollimist 3 t\u00f6\u00f6p\u00e4eva jooksul.<\/span><\/li>\n<li><span style=\"text-align: var(--text-align); color: var(--vamtam-widget-text-lighter); letter-spacing: var(--vamtam-primary-font-letter-spacing-desktop,normal); text-transform: var(--vamtam-primary-font-transform,none);\">Juhul, kui kleidil esineb auke, mida on v\u00f5imalik kergesti \u00e4ra parandada, on meil \u00f5igus 100% tagatisraha kliendilt sisse n\u00f5uda.<\/span><\/li>\n<li><span style=\"text-align: var(--text-align); color: var(--vamtam-widget-text-lighter); letter-spacing: var(--vamtam-primary-font-letter-spacing-desktop,normal); text-transform: var(--vamtam-primary-font-transform,none);\">Juhul, kui kleiti pole v\u00f5imalik taastada, on meil \u00f5igus tagatist mitte tagastada.<\/span><\/li>\n<li><span style=\"text-align: var(--text-align); color: var(--vamtam-widget-text-lighter); letter-spacing: var(--vamtam-primary-font-letter-spacing-desktop,normal); text-transform: var(--vamtam-primary-font-transform,none);\">Kui laenutatud kleit on t\u00e4ielikult rikutud v\u00f5i kaotatud, esitame kahjun\u00f5ude esemete maksumuse ulatuses.<\/span><\/li>\n<li><span style=\"text-align: var(--text-align); color: var(--vamtam-widget-text-lighter); letter-spacing: var(--vamtam-primary-font-letter-spacing-desktop,normal); text-transform: var(--vamtam-primary-font-transform,none);\">Laenutatud esemeid ootame tagasi kokkulepitud ajaks. Kokkulepitust hiljem tagastamise korral on meil \u00f5igus 100% tagatisrahast kinni pidada.<\/span><\/li>\n<li><span style=\"text-align: var(--text-align); color: var(--vamtam-widget-text-lighter); letter-spacing: var(--vamtam-primary-font-letter-spacing-desktop,normal); text-transform: var(--vamtam-primary-font-transform,none);\">Kui kleite ei \u00f5nnestu tagastada kokkulepitud ajal, palume helistada (+37256816516) ja proovime kokku leppida sobiva aja.<\/span><\/li>\n<li><span style=\"text-align: var(--text-align); color: var(--vamtam-widget-text-lighter); letter-spacing: var(--vamtam-primary-font-letter-spacing-desktop,normal); text-transform: var(--vamtam-primary-font-transform,none);\">Kui kleidid pole tagastatud n\u00e4dal aega (7 p\u00e4eva) peale kokkulepitud aega, on meil \u00f5igus 100% tagatisraha kinni pidada.<\/span><\/li>\n<\/ul>\n<h4>Transport<\/h4>\n<ul>\n<li><span style=\"text-align: var(--text-align); color: var(--vamtam-widget-text-lighter); letter-spacing: var(--vamtam-primary-font-letter-spacing-desktop,normal); text-transform: var(--vamtam-primary-font-transform,none);\">Kleidi postitame Teie poolt broneeritud kuup\u00e4evale eelneval p\u00e4eval.<\/span><\/li>\n<li><span style=\"text-align: var(--text-align); color: var(--vamtam-widget-text-lighter); letter-spacing: var(--vamtam-primary-font-letter-spacing-desktop,normal); text-transform: var(--vamtam-primary-font-transform,none);\">Valida on v\u00f5imalik Smartposti, Omniva v\u00f5i ise j\u00e4rgi tulemise vahel (Butiik \u2013 Lendlev Kleit, Savi 7, P\u00e4rnu 80040, II korrus)<\/span><\/li>\n<li><span style=\"text-align: var(--text-align); color: var(--vamtam-widget-text-lighter); letter-spacing: var(--vamtam-primary-font-letter-spacing-desktop,normal); text-transform: var(--vamtam-primary-font-transform,none);\">Kleite on v\u00f5imalik tellida \u00fcle Eesti.<\/span><\/li>\n<li><span style=\"text-align: var(--text-align); color: var(--vamtam-widget-text-lighter); letter-spacing: var(--vamtam-primary-font-letter-spacing-desktop,normal); text-transform: var(--vamtam-primary-font-transform,none);\">Kauba tagastamise summa pakiautomaati kuulub juba rendihinna sisse.<\/span><\/li>\n<li><span style=\"text-align: var(--text-align); color: var(--vamtam-widget-text-lighter); letter-spacing: var(--vamtam-primary-font-letter-spacing-desktop,normal); text-transform: var(--vamtam-primary-font-transform,none);\">Kleidi palume postiga saates tagastada viimasel broneeritud p\u00e4eval, samuti kehtib see ka ise tagasi toomisel. Kui peaks tekkima viivitus palume sellest meile kohe teada anda <\/span><a style=\"font-family: inherit; font-size: inherit; font-style: inherit; font-variant-ligatures: inherit; font-variant-caps: inherit; font-weight: inherit; text-align: var(--text-align); letter-spacing: var(--vamtam-primary-font-letter-spacing-desktop,normal); text-transform: var(--vamtam-primary-font-transform,none);\" href=\"mailto:lendlevkleit@gmail.com\">lendlevkleit@gmail.com<\/a><span style=\"text-align: var(--text-align); color: var(--vamtam-widget-text-lighter); letter-spacing: var(--vamtam-primary-font-letter-spacing-desktop,normal); text-transform: var(--vamtam-primary-font-transform,none);\"> v\u00f5i telefonil +37256816516, et saaksime vajadusel j\u00e4rgmist klienti hoiatada.<\/span><\/li>\n<\/ul>\n<h4>Tellimuse vormistamine<\/h4>\n<ul>\n<li><span style=\"text-align: var(--text-align); color: var(--vamtam-widget-text-lighter); letter-spacing: var(--vamtam-primary-font-letter-spacing-desktop,normal); text-transform: var(--vamtam-primary-font-transform,none);\">Valige \u00fclevalt realt \u201cRENDI N\u00dc\u00dcD\u201d, t\u00e4itke vajalikud lahtrid, valige soovitud kleit, kirjutage kommentaari lahtrisse kuhu pakiautomaati kleiti soovite ning vajutage \u201cSAADA\u201d. V\u00f5tame Teiega esimesel v\u00f5imalusel \u00fchendust.<\/span><\/li>\n<li><span style=\"text-align: var(--text-align); color: var(--vamtam-widget-text-lighter); letter-spacing: var(--vamtam-primary-font-letter-spacing-desktop,normal); text-transform: var(--vamtam-primary-font-transform,none);\">Arvestage p\u00e4evi valides, et esimesel p\u00e4eval saate kleidi k\u00e4tte ja viimasel peate selle uuesti postitama.<\/span><\/li>\n<li><span style=\"text-align: var(--text-align); color: var(--vamtam-widget-text-lighter); letter-spacing: var(--vamtam-primary-font-letter-spacing-desktop,normal); text-transform: var(--vamtam-primary-font-transform,none);\">Kleidi paneme teele p\u00e4ev enne broneerimiskuup\u00e4eva, arvestusega, et see j\u00f5uab teieni esimesel broneeritud p\u00e4eval<\/span><\/li>\n<li><span style=\"text-align: var(--text-align); color: var(--vamtam-widget-text-lighter); letter-spacing: var(--vamtam-primary-font-letter-spacing-desktop,normal); text-transform: var(--vamtam-primary-font-transform,none);\">Kleidi palume postitada v\u00f5i meile tagastada viimasel teie broneeritud p\u00e4eval.<\/span><\/li>\n<li><span style=\"text-align: var(--text-align); color: var(--vamtam-widget-text-lighter); letter-spacing: var(--vamtam-primary-font-letter-spacing-desktop,normal); text-transform: var(--vamtam-primary-font-transform,none);\">Leping j\u00f5ustub alates tasumisele kuuluva summa laekumisest Maridai ilusalong O\u00dc arvelduskontole.<\/span><\/li>\n<li><span style=\"text-align: var(--text-align); color: var(--vamtam-widget-text-lighter); letter-spacing: var(--vamtam-primary-font-letter-spacing-desktop,normal); text-transform: var(--vamtam-primary-font-transform,none);\">Kui tellitud kaupa ei ole v\u00f5imalik tarnida meiepoolsel p\u00f5hjusel (n\u00e4iteks eelmine klient ei ole kleiti \u00f5igeaegselt tagastanud), teavitatakse sellest Klienti esimesel v\u00f5imalusel ning tagastatakse tasutud raha viivitamata, kuid mitte hiljem kui 7 p\u00e4eva jooksul teate saatmisest, makse tasume kontole millelt see meieni j\u00f5udis.<\/span><\/li>\n<li><span style=\"text-align: var(--text-align); color: var(--vamtam-widget-text-lighter); letter-spacing: var(--vamtam-primary-font-letter-spacing-desktop,normal); text-transform: var(--vamtam-primary-font-transform,none);\">Kui postiga tellitud kleit mingil p\u00f5hjusel siiski ei sobi, siis palume see hiljemalt j\u00e4rgmisel p\u00e4eval meile tagastada\/postitada ja meid ka informeerida sellest <\/span><a style=\"font-family: inherit; font-size: inherit; font-style: inherit; font-variant-ligatures: inherit; font-variant-caps: inherit; font-weight: inherit; text-align: var(--text-align); letter-spacing: var(--vamtam-primary-font-letter-spacing-desktop,normal); text-transform: var(--vamtam-primary-font-transform,none);\" href=\"mailto:lendlevkleit@gmail.com\">lendlevkleit@gmail.com<\/a><span style=\"text-align: var(--text-align); color: var(--vamtam-widget-text-lighter); letter-spacing: var(--vamtam-primary-font-letter-spacing-desktop,normal); text-transform: var(--vamtam-primary-font-transform,none);\"> v\u00f5i +37256816516. Kui meid pole informeeritud ja tagastate kleidi broneeringu l\u00f5ppedes, eeldame, et kleit sobis teile ja sellisel juhul rendi eest tasutud summat ei tagastata. Kleidi mitte sobimisel j\u00e4\u00e4b postikulu kliendi kanda. Raha kanname tagasi nii kiiresti kui v\u00f5imalik, aga hiljemalt 7 p\u00e4eva jooksul kleidi meieni j\u00f5udmisest.<\/span><\/li>\n<li><span style=\"text-align: var(--text-align); color: var(--vamtam-widget-text-lighter); letter-spacing: var(--vamtam-primary-font-letter-spacing-desktop,normal); text-transform: var(--vamtam-primary-font-transform,none);\">Mittesobinud kleit peab olema kandmata!<\/span><\/li>\n<\/ul>\n<h4>Kleidi tagastamine<\/h4>\n<ul>\n<li><span style=\"text-align: var(--text-align); color: var(--vamtam-widget-text-lighter); letter-spacing: var(--vamtam-primary-font-letter-spacing-desktop,normal); text-transform: var(--vamtam-primary-font-transform,none);\">NB! \u00c4RA PESE KLEITI! Puhastus on laenutuse hinna sees.<\/span><\/li>\n<li><span style=\"text-align: var(--text-align); color: var(--vamtam-widget-text-lighter); letter-spacing: var(--vamtam-primary-font-letter-spacing-desktop,normal); text-transform: var(--vamtam-primary-font-transform,none);\">Kauba tagastamise summa pakiautomaati kuulub juba rendihinna sisse.<\/span><\/li>\n<li><span style=\"text-align: var(--text-align); color: var(--vamtam-widget-text-lighter); letter-spacing: var(--vamtam-primary-font-letter-spacing-desktop,normal); text-transform: var(--vamtam-primary-font-transform,none);\">Kui kleit on v\u00e4ga m\u00e4\u00e4rdunud (ei ole v\u00f5imalik puhastada) v\u00f5i katki, v\u00f5ime j\u00e4tta tagastamata tagatisraha, teavitame sellest kindlasti klienti.<\/span><\/li>\n<li><span style=\"text-align: var(--text-align); color: var(--vamtam-widget-text-lighter); letter-spacing: var(--vamtam-primary-font-letter-spacing-desktop,normal); text-transform: var(--vamtam-primary-font-transform,none);\">Renditud eseme h\u00e4vinemise korral tuleb Kliendil kahju h\u00fcvitada t\u00e4ies ulatuses, esitame h\u00fcvitamisele kuuluvas summas arve.<\/span><\/li>\n<\/ul>\n<h4>Taganemis\u00f5igus<\/h4>\n<ul>\n<li><span style=\"text-align: var(--text-align); color: var(--vamtam-widget-text-lighter); letter-spacing: var(--vamtam-primary-font-letter-spacing-desktop,normal); text-transform: var(--vamtam-primary-font-transform,none);\">Kliendil on v\u00f5imalus loobuda broneeringust 48h enne kleidi v\u00e4lja saatmist ja me tagastame tasutud summa t\u00e4ielikult kontole, kust laekus broneeringu summa.<\/span><\/li>\n<li><span style=\"text-align: var(--text-align); color: var(--vamtam-widget-text-lighter); letter-spacing: var(--vamtam-primary-font-letter-spacing-desktop,normal); text-transform: var(--vamtam-primary-font-transform,none);\">Peale kleidi v\u00e4lja saatmist, on Kliendil v\u00f5imalik loobuda kleidi rendist, kui teavitab meid hiljemalt j\u00e4rgmiseks p\u00e4evaks, peale kleidi k\u00e4tte saamist, et kleit ei sobi ja tagastab koheselt kleidi. V\u00e4lja saatmise ja tagstamise postikulu me sellisel juhul ei tagasta.<\/span><\/li>\n<li><span style=\"text-align: var(--text-align); color: var(--vamtam-widget-text-lighter); letter-spacing: var(--vamtam-primary-font-letter-spacing-desktop,normal); text-transform: var(--vamtam-primary-font-transform,none);\">Tagastatud kleit peab olema kandmata! Vastasel korral eeldame, et kleit sobis teile.<\/span><\/li>\n<\/ul>\n<h4>Vaidluste lahendamine<\/h4>\n<ul>\n<li><span style=\"text-align: var(--text-align); color: var(--vamtam-widget-text-lighter); letter-spacing: var(--vamtam-primary-font-letter-spacing-desktop,normal); text-transform: var(--vamtam-primary-font-transform,none);\">Kui kliendil on Veebipoe osas pretensioone, tuleb need saata e-kirja aadressile info@lendlevkleit.ee v\u00f5i helistada telefonil&nbsp;+37256816516<\/span><\/li>\n<li><span style=\"text-align: var(--text-align); color: var(--vamtam-widget-text-lighter); letter-spacing: var(--vamtam-primary-font-letter-spacing-desktop,normal); text-transform: var(--vamtam-primary-font-transform,none);\">Kui Klient ja Lendlev Kleit ei suuda lahendada vaidlust kokkuleppe teel, siis on Kliendil v\u00f5imalik p\u00f6\u00f6rduda Tarbijavaidluste komisjoni poole. Menetlustingimustega saab tutvuda ning avaldust esitada siin (<\/span><a style=\"font-family: inherit; font-size: inherit; font-style: inherit; font-variant-ligatures: inherit; font-variant-caps: inherit; font-weight: inherit; text-align: var(--text-align); letter-spacing: var(--vamtam-primary-font-letter-spacing-desktop,normal); text-transform: var(--vamtam-primary-font-transform,none);\" href=\"https:\/\/komisjon.ee\/et\" target=\"_blank\" rel=\"noopener\"><strong>https:\/\/komisjon.ee\/et<\/strong><\/a><span style=\"text-align: var(--text-align); color: var(--vamtam-widget-text-lighter); letter-spacing: var(--vamtam-primary-font-letter-spacing-desktop,normal); text-transform: var(--vamtam-primary-font-transform,none);\">). Tarbijavaidluste komisjoni p\u00e4devuses on lahendada Kliendi ja Lendlev Kleit vahel s\u00f5lmitud lepingust tulenevaid vaidlusi. Kliendi kaebuse l\u00e4bivaatamine komisjonis on tasuta.<\/span><\/li>\n<\/ul>\n<h4>Tingimuste muutumine<\/h4>\n<ul>\n<li><span style=\"color: var(--vamtam-widget-text-lighter); letter-spacing: var(--vamtam-primary-font-letter-spacing-desktop,normal); text-align: var(--text-align); text-transform: var(--vamtam-primary-font-transform,none);\">Lendleval Kleidil on \u00f5igus e-poe arengust tulenevalt ning e-poe parema ja turvalisema kasutamise huvides k\u00e4esoleva lepingu tingimusi ja hinnakirja muutma ning t\u00e4iendama.<\/span><\/li>\n<li><span style=\"text-align: var(--text-align); color: var(--vamtam-widget-text-lighter); letter-spacing: var(--vamtam-primary-font-letter-spacing-desktop,normal); text-transform: var(--vamtam-primary-font-transform,none);\">Tingimuste ja hinnakirja muudatused ning t\u00e4iendused j\u00f5ustuvad vastava muudatuse v\u00f5i t\u00e4ienduse avaldamisest interneti lehek\u00fcljel <\/span><a style=\"font-family: inherit; font-size: inherit; font-style: inherit; font-variant-ligatures: inherit; font-variant-caps: inherit; font-weight: inherit; text-align: var(--text-align); letter-spacing: var(--vamtam-primary-font-letter-spacing-desktop,normal); text-transform: var(--vamtam-primary-font-transform,none);\" href=\"http:\/\/www.lendlevkleit.ee\">www.lendlevkleit.ee<\/a><span style=\"text-align: var(--text-align); color: var(--vamtam-widget-text-lighter); letter-spacing: var(--vamtam-primary-font-letter-spacing-desktop,normal); text-transform: var(--vamtam-primary-font-transform,none);\">. Kui Klient edastas oma tellimuse enne tingimuste muudatuste j\u00f5ustumist, kohaldatakse Lendlev Kleit ja Kliendi vahel tekkinud \u00f5igussuhtele Kliendi poolt tellimuse edastamise ajal kehtinud tingimusi, v.a kui seaduses v\u00f5i k\u00e4esoleva lepingu tingimustes on ette n\u00e4htud teisiti.<\/span><\/li>\n<\/ul>\n<\/div>\t\t\t\t\t\t<\/div>\n\t\t\t\t<\/div>\n\t\t\t\t\t<\/div>\n\t\t\t\t<\/div>\n\t\t\t\t<\/div>","protected":false},"excerpt":{"rendered":"<p>Rental Terms The online store Butiik \u2013 Lendlev Kleit (hereinafter referred to as Lendlev Kleit) is owned by Maridai Ilusalong O\u00dc, registration code (16650935), located at Tori tee 2, Suigu village, Tori municipality, P\u00e4rnumaa 87302. Contract Formation The rental agreement between Lendlev Kleit and the Client becomes effective upon the receipt of the payment due&#8230;<\/p>","protected":false},"author":1,"featured_media":0,"parent":0,"menu_order":0,"comment_status":"closed","ping_status":"closed","template":"","meta":{"inline_featured_image":false,"_monsterinsights_skip_tracking":false,"_monsterinsights_sitenote_active":false,"_monsterinsights_sitenote_note":"","_monsterinsights_sitenote_category":0,"footnotes":""},"class_list":["post-1862","page","type-page","status-publish","hentry"],"_links":{"self":[{"href":"https:\/\/lendlevkleit.ee\/et\/wp-json\/wp\/v2\/pages\/1862","targetHints":{"allow":["GET"]}}],"collection":[{"href":"https:\/\/lendlevkleit.ee\/et\/wp-json\/wp\/v2\/pages"}],"about":[{"href":"https:\/\/lendlevkleit.ee\/et\/wp-json\/wp\/v2\/types\/page"}],"author":[{"embeddable":true,"href":"https:\/\/lendlevkleit.ee\/et\/wp-json\/wp\/v2\/users\/1"}],"replies":[{"embeddable":true,"href":"https:\/\/lendlevkleit.ee\/et\/wp-json\/wp\/v2\/comments?post=1862"}],"version-history":[{"count":5,"href":"https:\/\/lendlevkleit.ee\/et\/wp-json\/wp\/v2\/pages\/1862\/revisions"}],"predecessor-version":[{"id":1968,"href":"https:\/\/lendlevkleit.ee\/et\/wp-json\/wp\/v2\/pages\/1862\/revisions\/1968"}],"wp:attachment":[{"href":"https:\/\/lendlevkleit.ee\/et\/wp-json\/wp\/v2\/media?parent=1862"}],"curies":[{"name":"wp","href":"https:\/\/api.w.org\/{rel}","templated":true}]}}