{"id":102,"date":"2024-04-09T10:58:18","date_gmt":"2024-04-09T07:58:18","guid":{"rendered":"https:\/\/lendlevkleit.ee\/?page_id=102"},"modified":"2024-05-19T21:52:32","modified_gmt":"2024-05-19T18:52:32","slug":"about-us","status":"publish","type":"page","link":"https:\/\/lendlevkleit.ee\/et\/firmast","title":{"rendered":"Firmast"},"content":{"rendered":"<div data-elementor-type=\"wp-page\" data-elementor-id=\"102\" class=\"elementor elementor-102\" data-elementor-post-type=\"page\">\n\t\t\t\t<div class=\"elementor-element elementor-element-8781372 e-flex e-con-boxed e-con e-parent\" data-id=\"8781372\" data-element_type=\"container\" data-settings=\"{&quot;background_background&quot;:&quot;classic&quot;,&quot;jet_parallax_layout_list&quot;:[]}\" data-core-v316-plus=\"true\">\n\t\t\t\t\t<div class=\"e-con-inner\">\n\t\t<div class=\"elementor-element elementor-element-aa5a09c e-con-full e-flex e-con e-child\" data-id=\"aa5a09c\" data-element_type=\"container\" data-settings=\"{&quot;jet_parallax_layout_list&quot;:[]}\">\n\t\t\t\t<div class=\"vamtam-has-theme-widget-styles elementor-element elementor-element-a9b1e66 elementor-widget elementor-widget-image\" data-id=\"a9b1e66\" data-element_type=\"widget\" data-widget_type=\"image.default\">\n\t\t\t\t<div class=\"elementor-widget-container\">\n\t\t\t<style>\/*! elementor - v3.20.0 - 10-04-2024 *\/\n.elementor-widget-image{text-align:center}.elementor-widget-image a{display:inline-block}.elementor-widget-image a img[src$=\".svg\"]{width:48px}.elementor-widget-image img{vertical-align:middle;display:inline-block}<\/style>\t\t\t\t<div class=\"elementor-image\">\n\t\t\t\t\t\t\t\t\t\t\t\t\t\t\t\t\t\t\t\t\t<img fetchpriority=\"high\" decoding=\"async\" width=\"854\" height=\"1280\" src=\"https:\/\/lendlevkleit.ee\/wp-content\/uploads\/2024\/05\/photo_2024-05-01_14-44-31.jpg\" class=\"attachment-1536x1536 size-1536x1536 wp-image-1567\" alt=\"\" srcset=\"https:\/\/lendlevkleit.ee\/wp-content\/uploads\/2024\/05\/photo_2024-05-01_14-44-31.jpg 854w, https:\/\/lendlevkleit.ee\/wp-content\/uploads\/2024\/05\/photo_2024-05-01_14-44-31-200x300.jpg 200w, https:\/\/lendlevkleit.ee\/wp-content\/uploads\/2024\/05\/photo_2024-05-01_14-44-31-683x1024.jpg 683w, https:\/\/lendlevkleit.ee\/wp-content\/uploads\/2024\/05\/photo_2024-05-01_14-44-31-768x1151.jpg 768w\" sizes=\"(max-width: 854px) 100vw, 854px\">\t\t\t\t\t\t\t\t\t\t\t\t\t\t\t\t\t\t\t\t\t\t\t\t<\/div>\n\t\t\t\t\t\t<\/div>\n\t\t\t\t<\/div>\n\t\t\t\t<\/div>\n\t\t<div class=\"elementor-element elementor-element-f731c2a e-con-full e-flex e-con e-child\" data-id=\"f731c2a\" data-element_type=\"container\" data-settings=\"{&quot;jet_parallax_layout_list&quot;:[]}\">\n\t\t\t\t<div class=\"elementor-element elementor-element-571e8be elementor-widget elementor-widget-heading\" data-id=\"571e8be\" data-element_type=\"widget\" data-widget_type=\"heading.default\">\n\t\t\t\t<div class=\"elementor-widget-container\">\n\t\t\t<style>\/*! elementor - v3.20.0 - 10-04-2024 *\/\n.elementor-heading-title{padding:0;margin:0;line-height:1}.elementor-widget-heading .elementor-heading-title[class*=elementor-size-]>a{color:inherit;font-size:inherit;line-height:inherit}.elementor-widget-heading .elementor-heading-title.elementor-size-small{font-size:15px}.elementor-widget-heading .elementor-heading-title.elementor-size-medium{font-size:19px}.elementor-widget-heading .elementor-heading-title.elementor-size-large{font-size:29px}.elementor-widget-heading .elementor-heading-title.elementor-size-xl{font-size:39px}.elementor-widget-heading .elementor-heading-title.elementor-size-xxl{font-size:59px}<\/style><h2 class=\"elementor-heading-title elementor-size-default\">FIRMAST <\/h2>\t\t<\/div>\n\t\t\t\t<\/div>\n\t\t\t\t<div class=\"elementor-element elementor-element-f97424f elementor-widget elementor-widget-text-editor\" data-id=\"f97424f\" data-element_type=\"widget\" data-widget_type=\"text-editor.default\">\n\t\t\t\t<div class=\"elementor-widget-container\">\n\t\t\t<style>\/*! elementor - v3.20.0 - 10-04-2024 *\/\n.elementor-widget-text-editor.elementor-drop-cap-view-stacked .elementor-drop-cap{background-color:#69727d;color:#fff}.elementor-widget-text-editor.elementor-drop-cap-view-framed .elementor-drop-cap{color:#69727d;border:3px solid;background-color:transparent}.elementor-widget-text-editor:not(.elementor-drop-cap-view-default) .elementor-drop-cap{margin-top:8px}.elementor-widget-text-editor:not(.elementor-drop-cap-view-default) .elementor-drop-cap-letter{width:1em;height:1em}.elementor-widget-text-editor .elementor-drop-cap{float:left;text-align:center;line-height:1;font-size:50px}.elementor-widget-text-editor .elementor-drop-cap-letter{display:inline-block}<\/style>\t\t\t\t<p><em>Olen Mari-Liis, Butiik \u2013 Lendlev Kleit omanik. Koduse kahe lapse emana hakkasin otsima seda miskit, mis paneks silmad s\u00e4rama ning annaks uut energiat. Olles ise k\u00e4inud rasedapildistamisel ning saanud proovida neid imelisi kleite, tekkis m\u00f5te teha sellist kleidirenti ka siin \u2013 P\u00e4rnus. \nP\u00fc\u00fcan anda naistele l\u00e4bi kleidirendi v\u00f5imaluse tunda end nendes imelistes kleitides kui kuninganna ning v\u00e4ikesed t\u00fcdrukud saavad tunda end nagu muinasjutus. Kuna kleidid on niiv\u00f5rd erilised, et igap\u00e4evaselt nendega kuskil mujal ei k\u00e4i, siis pole m\u00f5tet seda endale osta, vaid ikka rentida.<\/em><\/p><p>Butiik \u2013 Lendlev Kleit on veebip\u00f5hine butiik, mis on asutatud aastal 2024. Me rendime Norra disaineri loomingut, eelk\u00f5ige rasedatele naistele ja lastele m\u00f5eldud kleite pildistamiseks. Oleme p\u00fchendunud, et pakkuda kliendile mugavat, kiiret ning kvaliteetset teenust.<\/p><p>Butiik \u2013 Lendlev Kleit soovib Sulle kordumatuid ja unustamatuid hetki!<\/p><p>Sinu Lendlev Kleit<\/p>\t\t\t\t\t\t<\/div>\n\t\t\t\t<\/div>\n\t\t\t\t<\/div>\n\t\t\t\t\t<\/div>\n\t\t\t\t<\/div>\n\t\t\t\t<\/div>","protected":false},"excerpt":{"rendered":"<p>about us I am Mari-Liis, the owner of Boutique &#8211; Lendlev Kleit. As a mother of two children at home, I began searching for something that would sparkle my eyes and give me new energy. Having been to maternity photoshoots myself and had the chance to try on those wonderful dresses, the idea of \u200b\u200bstarting&#8230;<\/p>","protected":false},"author":1,"featured_media":0,"parent":0,"menu_order":0,"comment_status":"closed","ping_status":"closed","template":"elementor_header_footer","meta":{"inline_featured_image":false,"_monsterinsights_skip_tracking":false,"_monsterinsights_sitenote_active":false,"_monsterinsights_sitenote_note":"","_monsterinsights_sitenote_category":0,"footnotes":""},"class_list":["post-102","page","type-page","status-publish","hentry"],"_links":{"self":[{"href":"https:\/\/lendlevkleit.ee\/et\/wp-json\/wp\/v2\/pages\/102","targetHints":{"allow":["GET"]}}],"collection":[{"href":"https:\/\/lendlevkleit.ee\/et\/wp-json\/wp\/v2\/pages"}],"about":[{"href":"https:\/\/lendlevkleit.ee\/et\/wp-json\/wp\/v2\/types\/page"}],"author":[{"embeddable":true,"href":"https:\/\/lendlevkleit.ee\/et\/wp-json\/wp\/v2\/users\/1"}],"replies":[{"embeddable":true,"href":"https:\/\/lendlevkleit.ee\/et\/wp-json\/wp\/v2\/comments?post=102"}],"version-history":[{"count":0,"href":"https:\/\/lendlevkleit.ee\/et\/wp-json\/wp\/v2\/pages\/102\/revisions"}],"wp:attachment":[{"href":"https:\/\/lendlevkleit.ee\/et\/wp-json\/wp\/v2\/media?parent=102"}],"curies":[{"name":"wp","href":"https:\/\/api.w.org\/{rel}","templated":true}]}}